{"id":54,"date":"2022-12-26T10:57:22","date_gmt":"2022-12-26T09:57:22","guid":{"rendered":"http:\/\/vivacecamara.es\/?page_id=54"},"modified":"2022-12-26T10:57:22","modified_gmt":"2022-12-26T09:57:22","slug":"dossier","status":"publish","type":"page","link":"https:\/\/vivacecamara.es\/index.php\/dossier\/","title":{"rendered":"DOSSIER"},"content":{"rendered":"","protected":false},"excerpt":{"rendered":"","protected":false},"author":1,"featured_media":0,"parent":0,"menu_order":0,"comment_status":"closed","ping_status":"closed","template":"","meta":{"om_disable_all_campaigns":false,"_monsterinsights_skip_tracking":false,"_monsterinsights_sitenote_active":false,"_monsterinsights_sitenote_note":"","_monsterinsights_sitenote_category":0,"footnotes":""},"class_list":["post-54","page","type-page","status-publish","czr-hentry"],"yoast_head":"<!-- This site is optimized with the Yoast SEO plugin v27.4 - https:\/\/yoast.com\/product\/yoast-seo-wordpress\/ -->\n<title>DOSSIER - Vivace m\u00fasica de c\u00e1mara | Grupo de m\u00fasica para bodas en Valladolid, Palencia, Segovia, Zamora, Salamanca, Burgos, \u00c1vila, Le\u00f3n y Soria<\/title>\n<meta name=\"robots\" content=\"index, follow, max-snippet:-1, max-image-preview:large, max-video-preview:-1\" \/>\n<link rel=\"canonical\" href=\"https:\/\/vivacecamara.es\/index.php\/dossier\/\" \/>\n<meta property=\"og:locale\" content=\"es_ES\" \/>\n<meta property=\"og:type\" content=\"article\" \/>\n<meta property=\"og:title\" content=\"DOSSIER - Vivace m\u00fasica de c\u00e1mara | Grupo de m\u00fasica para bodas en Valladolid, Palencia, Segovia, Zamora, Salamanca, Burgos, \u00c1vila, Le\u00f3n y Soria\" \/>\n<meta property=\"og:url\" content=\"https:\/\/vivacecamara.es\/index.php\/dossier\/\" \/>\n<meta property=\"og:site_name\" content=\"Vivace m\u00fasica de c\u00e1mara | Grupo de m\u00fasica para bodas en Valladolid, Palencia, Segovia, Zamora, Salamanca, Burgos, \u00c1vila, Le\u00f3n y Soria\" \/>\n<meta name=\"twitter:card\" content=\"summary_large_image\" \/>\n<script type=\"application\/ld+json\" class=\"yoast-schema-graph\">{\"@context\":\"https:\\\/\\\/schema.org\",\"@graph\":[{\"@type\":\"WebPage\",\"@id\":\"https:\\\/\\\/vivacecamara.es\\\/index.php\\\/dossier\\\/\",\"url\":\"https:\\\/\\\/vivacecamara.es\\\/index.php\\\/dossier\\\/\",\"name\":\"DOSSIER - Vivace m\u00fasica de c\u00e1mara | Grupo de m\u00fasica para bodas en Valladolid, Palencia, Segovia, Zamora, Salamanca, Burgos, \u00c1vila, Le\u00f3n y Soria\",\"isPartOf\":{\"@id\":\"https:\\\/\\\/vivacecamara.es\\\/#website\"},\"datePublished\":\"2022-12-26T09:57:22+00:00\",\"breadcrumb\":{\"@id\":\"https:\\\/\\\/vivacecamara.es\\\/index.php\\\/dossier\\\/#breadcrumb\"},\"inLanguage\":\"es\",\"potentialAction\":[{\"@type\":\"ReadAction\",\"target\":[\"https:\\\/\\\/vivacecamara.es\\\/index.php\\\/dossier\\\/\"]}]},{\"@type\":\"BreadcrumbList\",\"@id\":\"https:\\\/\\\/vivacecamara.es\\\/index.php\\\/dossier\\\/#breadcrumb\",\"itemListElement\":[{\"@type\":\"ListItem\",\"position\":1,\"name\":\"Portada\",\"item\":\"https:\\\/\\\/vivacecamara.es\\\/\"},{\"@type\":\"ListItem\",\"position\":2,\"name\":\"DOSSIER\"}]},{\"@type\":\"WebSite\",\"@id\":\"https:\\\/\\\/vivacecamara.es\\\/#website\",\"url\":\"https:\\\/\\\/vivacecamara.es\\\/\",\"name\":\"Vivace m\u00fasica de c\u00e1mara | Grupo de m\u00fasica para bodas en Valladolid, Palencia, Segovia, Zamora, Salamanca, Burgos, \u00c1vila, Le\u00f3n y Soria\",\"description\":\"\",\"publisher\":{\"@id\":\"https:\\\/\\\/vivacecamara.es\\\/#organization\"},\"potentialAction\":[{\"@type\":\"SearchAction\",\"target\":{\"@type\":\"EntryPoint\",\"urlTemplate\":\"https:\\\/\\\/vivacecamara.es\\\/?s={search_term_string}\"},\"query-input\":{\"@type\":\"PropertyValueSpecification\",\"valueRequired\":true,\"valueName\":\"search_term_string\"}}],\"inLanguage\":\"es\"},{\"@type\":\"Organization\",\"@id\":\"https:\\\/\\\/vivacecamara.es\\\/#organization\",\"name\":\"Vivace m\u00fasica de c\u00e1mara | Grupo de m\u00fasica para bodas en Valladolid, Palencia, Segovia, Zamora, Salamanca, Burgos, \u00c1vila, Le\u00f3n y Soria\",\"url\":\"https:\\\/\\\/vivacecamara.es\\\/\",\"logo\":{\"@type\":\"ImageObject\",\"inLanguage\":\"es\",\"@id\":\"https:\\\/\\\/vivacecamara.es\\\/#\\\/schema\\\/logo\\\/image\\\/\",\"url\":\"https:\\\/\\\/vivacecamara.es\\\/wp-content\\\/uploads\\\/2022\\\/12\\\/Captura-de-pantalla-2022-12-26-a-las-10.37.04.png\",\"contentUrl\":\"https:\\\/\\\/vivacecamara.es\\\/wp-content\\\/uploads\\\/2022\\\/12\\\/Captura-de-pantalla-2022-12-26-a-las-10.37.04.png\",\"width\":2112,\"height\":1278,\"caption\":\"Vivace m\u00fasica de c\u00e1mara | Grupo de m\u00fasica para bodas en Valladolid, Palencia, Segovia, Zamora, Salamanca, Burgos, \u00c1vila, Le\u00f3n y Soria\"},\"image\":{\"@id\":\"https:\\\/\\\/vivacecamara.es\\\/#\\\/schema\\\/logo\\\/image\\\/\"}}]}<\/script>\n<!-- \/ Yoast SEO plugin. -->","yoast_head_json":{"title":"DOSSIER - Vivace m\u00fasica de c\u00e1mara | Grupo de m\u00fasica para bodas en Valladolid, Palencia, Segovia, Zamora, Salamanca, Burgos, \u00c1vila, Le\u00f3n y Soria","robots":{"index":"index","follow":"follow","max-snippet":"max-snippet:-1","max-image-preview":"max-image-preview:large","max-video-preview":"max-video-preview:-1"},"canonical":"https:\/\/vivacecamara.es\/index.php\/dossier\/","og_locale":"es_ES","og_type":"article","og_title":"DOSSIER - Vivace m\u00fasica de c\u00e1mara | Grupo de m\u00fasica para bodas en Valladolid, Palencia, Segovia, Zamora, Salamanca, Burgos, \u00c1vila, Le\u00f3n y Soria","og_url":"https:\/\/vivacecamara.es\/index.php\/dossier\/","og_site_name":"Vivace m\u00fasica de c\u00e1mara | Grupo de m\u00fasica para bodas en Valladolid, Palencia, Segovia, Zamora, Salamanca, Burgos, \u00c1vila, Le\u00f3n y Soria","twitter_card":"summary_large_image","schema":{"@context":"https:\/\/schema.org","@graph":[{"@type":"WebPage","@id":"https:\/\/vivacecamara.es\/index.php\/dossier\/","url":"https:\/\/vivacecamara.es\/index.php\/dossier\/","name":"DOSSIER - Vivace m\u00fasica de c\u00e1mara | Grupo de m\u00fasica para bodas en Valladolid, Palencia, Segovia, Zamora, Salamanca, Burgos, \u00c1vila, Le\u00f3n y Soria","isPartOf":{"@id":"https:\/\/vivacecamara.es\/#website"},"datePublished":"2022-12-26T09:57:22+00:00","breadcrumb":{"@id":"https:\/\/vivacecamara.es\/index.php\/dossier\/#breadcrumb"},"inLanguage":"es","potentialAction":[{"@type":"ReadAction","target":["https:\/\/vivacecamara.es\/index.php\/dossier\/"]}]},{"@type":"BreadcrumbList","@id":"https:\/\/vivacecamara.es\/index.php\/dossier\/#breadcrumb","itemListElement":[{"@type":"ListItem","position":1,"name":"Portada","item":"https:\/\/vivacecamara.es\/"},{"@type":"ListItem","position":2,"name":"DOSSIER"}]},{"@type":"WebSite","@id":"https:\/\/vivacecamara.es\/#website","url":"https:\/\/vivacecamara.es\/","name":"Vivace m\u00fasica de c\u00e1mara | Grupo de m\u00fasica para bodas en Valladolid, Palencia, Segovia, Zamora, Salamanca, Burgos, \u00c1vila, Le\u00f3n y Soria","description":"","publisher":{"@id":"https:\/\/vivacecamara.es\/#organization"},"potentialAction":[{"@type":"SearchAction","target":{"@type":"EntryPoint","urlTemplate":"https:\/\/vivacecamara.es\/?s={search_term_string}"},"query-input":{"@type":"PropertyValueSpecification","valueRequired":true,"valueName":"search_term_string"}}],"inLanguage":"es"},{"@type":"Organization","@id":"https:\/\/vivacecamara.es\/#organization","name":"Vivace m\u00fasica de c\u00e1mara | Grupo de m\u00fasica para bodas en Valladolid, Palencia, Segovia, Zamora, Salamanca, Burgos, \u00c1vila, Le\u00f3n y Soria","url":"https:\/\/vivacecamara.es\/","logo":{"@type":"ImageObject","inLanguage":"es","@id":"https:\/\/vivacecamara.es\/#\/schema\/logo\/image\/","url":"https:\/\/vivacecamara.es\/wp-content\/uploads\/2022\/12\/Captura-de-pantalla-2022-12-26-a-las-10.37.04.png","contentUrl":"https:\/\/vivacecamara.es\/wp-content\/uploads\/2022\/12\/Captura-de-pantalla-2022-12-26-a-las-10.37.04.png","width":2112,"height":1278,"caption":"Vivace m\u00fasica de c\u00e1mara | Grupo de m\u00fasica para bodas en Valladolid, Palencia, Segovia, Zamora, Salamanca, Burgos, \u00c1vila, Le\u00f3n y Soria"},"image":{"@id":"https:\/\/vivacecamara.es\/#\/schema\/logo\/image\/"}}]}},"_links":{"self":[{"href":"https:\/\/vivacecamara.es\/index.php\/wp-json\/wp\/v2\/pages\/54","targetHints":{"allow":["GET"]}}],"collection":[{"href":"https:\/\/vivacecamara.es\/index.php\/wp-json\/wp\/v2\/pages"}],"about":[{"href":"https:\/\/vivacecamara.es\/index.php\/wp-json\/wp\/v2\/types\/page"}],"author":[{"embeddable":true,"href":"https:\/\/vivacecamara.es\/index.php\/wp-json\/wp\/v2\/users\/1"}],"replies":[{"embeddable":true,"href":"https:\/\/vivacecamara.es\/index.php\/wp-json\/wp\/v2\/comments?post=54"}],"version-history":[{"count":1,"href":"https:\/\/vivacecamara.es\/index.php\/wp-json\/wp\/v2\/pages\/54\/revisions"}],"predecessor-version":[{"id":55,"href":"https:\/\/vivacecamara.es\/index.php\/wp-json\/wp\/v2\/pages\/54\/revisions\/55"}],"wp:attachment":[{"href":"https:\/\/vivacecamara.es\/index.php\/wp-json\/wp\/v2\/media?parent=54"}],"curies":[{"name":"wp","href":"https:\/\/api.w.org\/{rel}","templated":true}]}}