{"id":58,"date":"2022-12-26T11:01:25","date_gmt":"2022-12-26T10:01:25","guid":{"rendered":"http:\/\/vivacecamara.es\/?page_id=58"},"modified":"2022-12-28T09:51:45","modified_gmt":"2022-12-28T08:51:45","slug":"multimedia","status":"publish","type":"page","link":"https:\/\/vivacecamara.es\/index.php\/multimedia\/","title":{"rendered":"MULTIMEDIA"},"content":{"rendered":"\t\t<div data-elementor-type=\"wp-page\" data-elementor-id=\"58\" class=\"elementor elementor-58\">\n\t\t\t\t\t\t\t\t\t<section class=\"elementor-section elementor-top-section elementor-element elementor-element-c7b9866 elementor-section-boxed elementor-section-height-default elementor-section-height-default\" data-id=\"c7b9866\" data-element_type=\"section\">\n\t\t\t\t\t\t<div class=\"elementor-container elementor-column-gap-default\">\n\t\t\t\t\t<div class=\"elementor-column elementor-col-100 elementor-top-column elementor-element elementor-element-0ac1b6d\" data-id=\"0ac1b6d\" data-element_type=\"column\">\n\t\t\t<div class=\"elementor-widget-wrap elementor-element-populated\">\n\t\t\t\t\t\t\t\t<section class=\"elementor-section elementor-inner-section elementor-element elementor-element-6390a71 elementor-section-boxed elementor-section-height-default elementor-section-height-default\" data-id=\"6390a71\" data-element_type=\"section\">\n\t\t\t\t\t\t<div class=\"elementor-container elementor-column-gap-default\">\n\t\t\t\t\t<div class=\"elementor-column elementor-col-50 elementor-inner-column elementor-element elementor-element-2726646\" data-id=\"2726646\" data-element_type=\"column\">\n\t\t\t<div class=\"elementor-widget-wrap elementor-element-populated\">\n\t\t\t\t\t\t\t\t<div class=\"elementor-element elementor-element-dccef13 elementor-widget elementor-widget-text-editor\" data-id=\"dccef13\" data-element_type=\"widget\" data-widget_type=\"text-editor.default\">\n\t\t\t\t<div class=\"elementor-widget-container\">\n\t\t\t<style>\/*! elementor - v3.12.0 - 29-03-2023 *\/\n.elementor-widget-text-editor.elementor-drop-cap-view-stacked .elementor-drop-cap{background-color:#69727d;color:#fff}.elementor-widget-text-editor.elementor-drop-cap-view-framed .elementor-drop-cap{color:#69727d;border:3px solid;background-color:transparent}.elementor-widget-text-editor:not(.elementor-drop-cap-view-default) .elementor-drop-cap{margin-top:8px}.elementor-widget-text-editor:not(.elementor-drop-cap-view-default) .elementor-drop-cap-letter{width:1em;height:1em}.elementor-widget-text-editor .elementor-drop-cap{float:left;text-align:center;line-height:1;font-size:50px}.elementor-widget-text-editor .elementor-drop-cap-letter{display:inline-block}<\/style>\t\t\t\t<p style=\"text-align: center;\"><span style=\"font-size: 24pt;\">V\u00eddeo<\/span><\/p>\t\t\t\t\t\t<\/div>\n\t\t\t\t<\/div>\n\t\t\t\t\t<\/div>\n\t\t<\/div>\n\t\t\t\t<div class=\"elementor-column elementor-col-50 elementor-inner-column elementor-element elementor-element-c099269\" data-id=\"c099269\" data-element_type=\"column\">\n\t\t\t<div class=\"elementor-widget-wrap elementor-element-populated\">\n\t\t\t\t\t\t\t\t<div class=\"elementor-element elementor-element-e06be5d elementor-widget elementor-widget-text-editor\" data-id=\"e06be5d\" data-element_type=\"widget\" data-widget_type=\"text-editor.default\">\n\t\t\t\t<div class=\"elementor-widget-container\">\n\t\t\t\t\t\t\t<p style=\"text-align: center;\"><span style=\"font-size: 24pt;\">Audio<\/span><\/p>\t\t\t\t\t\t<\/div>\n\t\t\t\t<\/div>\n\t\t\t\t\t<\/div>\n\t\t<\/div>\n\t\t\t\t\t\t\t<\/div>\n\t\t<\/section>\n\t\t\t\t<section class=\"elementor-section elementor-inner-section elementor-element elementor-element-f7321a3 elementor-section-boxed elementor-section-height-default elementor-section-height-default\" data-id=\"f7321a3\" data-element_type=\"section\">\n\t\t\t\t\t\t<div class=\"elementor-container elementor-column-gap-default\">\n\t\t\t\t\t<div class=\"elementor-column elementor-col-50 elementor-inner-column elementor-element elementor-element-6e0bcef\" data-id=\"6e0bcef\" data-element_type=\"column\">\n\t\t\t<div class=\"elementor-widget-wrap elementor-element-populated\">\n\t\t\t\t\t\t\t\t<div class=\"elementor-element elementor-element-b10be4d elementor-view-default elementor-widget elementor-widget-icon\" data-id=\"b10be4d\" data-element_type=\"widget\" data-widget_type=\"icon.default\">\n\t\t\t\t<div class=\"elementor-widget-container\">\n\t\t\t\t\t<div class=\"elementor-icon-wrapper\">\n\t\t\t<a class=\"elementor-icon\" href=\"https:\/\/www.youtube.com\/@vivacemusicadecamara4792\/videos\">\n\t\t\t<i aria-hidden=\"true\" class=\"fas fa-video\"><\/i>\t\t\t<\/a>\n\t\t<\/div>\n\t\t\t\t<\/div>\n\t\t\t\t<\/div>\n\t\t\t\t\t<\/div>\n\t\t<\/div>\n\t\t\t\t<div class=\"elementor-column elementor-col-50 elementor-inner-column elementor-element elementor-element-3c378d6\" data-id=\"3c378d6\" data-element_type=\"column\">\n\t\t\t<div class=\"elementor-widget-wrap elementor-element-populated\">\n\t\t\t\t\t\t\t\t<div class=\"elementor-element elementor-element-98fe871 elementor-view-default elementor-widget elementor-widget-icon\" data-id=\"98fe871\" data-element_type=\"widget\" data-widget_type=\"icon.default\">\n\t\t\t\t<div class=\"elementor-widget-container\">\n\t\t\t\t\t<div class=\"elementor-icon-wrapper\">\n\t\t\t<a class=\"elementor-icon\" href=\"https:\/\/www.youtube.com\/@vivacemusicadecamara4792\/videos\">\n\t\t\t<i aria-hidden=\"true\" class=\"fas fa-music\"><\/i>\t\t\t<\/a>\n\t\t<\/div>\n\t\t\t\t<\/div>\n\t\t\t\t<\/div>\n\t\t\t\t\t<\/div>\n\t\t<\/div>\n\t\t\t\t\t\t\t<\/div>\n\t\t<\/section>\n\t\t\t\t\t<\/div>\n\t\t<\/div>\n\t\t\t\t\t\t\t<\/div>\n\t\t<\/section>\n\t\t\t\t<section class=\"elementor-section elementor-top-section elementor-element elementor-element-e576075 elementor-section-boxed elementor-section-height-default elementor-section-height-default\" data-id=\"e576075\" data-element_type=\"section\">\n\t\t\t\t\t\t<div class=\"elementor-container elementor-column-gap-default\">\n\t\t\t\t\t<div class=\"elementor-column elementor-col-100 elementor-top-column elementor-element elementor-element-999208e\" data-id=\"999208e\" data-element_type=\"column\">\n\t\t\t<div class=\"elementor-widget-wrap\">\n\t\t\t\t\t\t\t\t\t<\/div>\n\t\t<\/div>\n\t\t\t\t\t\t\t<\/div>\n\t\t<\/section>\n\t\t\t\t\t\t\t<\/div>\n\t\t","protected":false},"excerpt":{"rendered":"<p>V\u00eddeo Audio<\/p>\n","protected":false},"author":1,"featured_media":0,"parent":0,"menu_order":0,"comment_status":"closed","ping_status":"closed","template":"","meta":{"om_disable_all_campaigns":false,"_monsterinsights_skip_tracking":false,"_monsterinsights_sitenote_active":false,"_monsterinsights_sitenote_note":"","_monsterinsights_sitenote_category":0,"footnotes":""},"class_list":["post-58","page","type-page","status-publish","czr-hentry"],"yoast_head":"<!-- This site is optimized with the Yoast SEO plugin v27.4 - https:\/\/yoast.com\/product\/yoast-seo-wordpress\/ -->\n<title>MULTIMEDIA - Vivace m\u00fasica de c\u00e1mara | Grupo de m\u00fasica para bodas en Valladolid, Palencia, Segovia, Zamora, Salamanca, Burgos, \u00c1vila, Le\u00f3n y Soria<\/title>\n<meta name=\"robots\" content=\"index, follow, max-snippet:-1, max-image-preview:large, max-video-preview:-1\" \/>\n<link rel=\"canonical\" href=\"https:\/\/vivacecamara.es\/index.php\/multimedia\/\" \/>\n<meta property=\"og:locale\" content=\"es_ES\" \/>\n<meta property=\"og:type\" content=\"article\" \/>\n<meta property=\"og:title\" content=\"MULTIMEDIA - Vivace m\u00fasica de c\u00e1mara | Grupo de m\u00fasica para bodas en Valladolid, Palencia, Segovia, Zamora, Salamanca, Burgos, \u00c1vila, Le\u00f3n y Soria\" \/>\n<meta property=\"og:description\" content=\"V\u00eddeo Audio\" \/>\n<meta property=\"og:url\" content=\"https:\/\/vivacecamara.es\/index.php\/multimedia\/\" \/>\n<meta property=\"og:site_name\" content=\"Vivace m\u00fasica de c\u00e1mara | Grupo de m\u00fasica para bodas en Valladolid, Palencia, Segovia, Zamora, Salamanca, Burgos, \u00c1vila, Le\u00f3n y Soria\" \/>\n<meta property=\"article:modified_time\" content=\"2022-12-28T08:51:45+00:00\" \/>\n<meta name=\"twitter:card\" content=\"summary_large_image\" \/>\n<meta name=\"twitter:label1\" content=\"Tiempo de lectura\" \/>\n\t<meta name=\"twitter:data1\" content=\"1 minuto\" \/>\n<script type=\"application\/ld+json\" class=\"yoast-schema-graph\">{\"@context\":\"https:\\\/\\\/schema.org\",\"@graph\":[{\"@type\":\"WebPage\",\"@id\":\"https:\\\/\\\/vivacecamara.es\\\/index.php\\\/multimedia\\\/\",\"url\":\"https:\\\/\\\/vivacecamara.es\\\/index.php\\\/multimedia\\\/\",\"name\":\"MULTIMEDIA - Vivace m\u00fasica de c\u00e1mara | Grupo de m\u00fasica para bodas en Valladolid, Palencia, Segovia, Zamora, Salamanca, Burgos, \u00c1vila, Le\u00f3n y Soria\",\"isPartOf\":{\"@id\":\"https:\\\/\\\/vivacecamara.es\\\/#website\"},\"datePublished\":\"2022-12-26T10:01:25+00:00\",\"dateModified\":\"2022-12-28T08:51:45+00:00\",\"breadcrumb\":{\"@id\":\"https:\\\/\\\/vivacecamara.es\\\/index.php\\\/multimedia\\\/#breadcrumb\"},\"inLanguage\":\"es\",\"potentialAction\":[{\"@type\":\"ReadAction\",\"target\":[\"https:\\\/\\\/vivacecamara.es\\\/index.php\\\/multimedia\\\/\"]}]},{\"@type\":\"BreadcrumbList\",\"@id\":\"https:\\\/\\\/vivacecamara.es\\\/index.php\\\/multimedia\\\/#breadcrumb\",\"itemListElement\":[{\"@type\":\"ListItem\",\"position\":1,\"name\":\"Portada\",\"item\":\"https:\\\/\\\/vivacecamara.es\\\/\"},{\"@type\":\"ListItem\",\"position\":2,\"name\":\"MULTIMEDIA\"}]},{\"@type\":\"WebSite\",\"@id\":\"https:\\\/\\\/vivacecamara.es\\\/#website\",\"url\":\"https:\\\/\\\/vivacecamara.es\\\/\",\"name\":\"Vivace m\u00fasica de c\u00e1mara | Grupo de m\u00fasica para bodas en Valladolid, Palencia, Segovia, Zamora, Salamanca, Burgos, \u00c1vila, Le\u00f3n y Soria\",\"description\":\"\",\"publisher\":{\"@id\":\"https:\\\/\\\/vivacecamara.es\\\/#organization\"},\"potentialAction\":[{\"@type\":\"SearchAction\",\"target\":{\"@type\":\"EntryPoint\",\"urlTemplate\":\"https:\\\/\\\/vivacecamara.es\\\/?s={search_term_string}\"},\"query-input\":{\"@type\":\"PropertyValueSpecification\",\"valueRequired\":true,\"valueName\":\"search_term_string\"}}],\"inLanguage\":\"es\"},{\"@type\":\"Organization\",\"@id\":\"https:\\\/\\\/vivacecamara.es\\\/#organization\",\"name\":\"Vivace m\u00fasica de c\u00e1mara | Grupo de m\u00fasica para bodas en Valladolid, Palencia, Segovia, Zamora, Salamanca, Burgos, \u00c1vila, Le\u00f3n y Soria\",\"url\":\"https:\\\/\\\/vivacecamara.es\\\/\",\"logo\":{\"@type\":\"ImageObject\",\"inLanguage\":\"es\",\"@id\":\"https:\\\/\\\/vivacecamara.es\\\/#\\\/schema\\\/logo\\\/image\\\/\",\"url\":\"https:\\\/\\\/vivacecamara.es\\\/wp-content\\\/uploads\\\/2022\\\/12\\\/Captura-de-pantalla-2022-12-26-a-las-10.37.04.png\",\"contentUrl\":\"https:\\\/\\\/vivacecamara.es\\\/wp-content\\\/uploads\\\/2022\\\/12\\\/Captura-de-pantalla-2022-12-26-a-las-10.37.04.png\",\"width\":2112,\"height\":1278,\"caption\":\"Vivace m\u00fasica de c\u00e1mara | Grupo de m\u00fasica para bodas en Valladolid, Palencia, Segovia, Zamora, Salamanca, Burgos, \u00c1vila, Le\u00f3n y Soria\"},\"image\":{\"@id\":\"https:\\\/\\\/vivacecamara.es\\\/#\\\/schema\\\/logo\\\/image\\\/\"}}]}<\/script>\n<!-- \/ Yoast SEO plugin. -->","yoast_head_json":{"title":"MULTIMEDIA - Vivace m\u00fasica de c\u00e1mara | Grupo de m\u00fasica para bodas en Valladolid, Palencia, Segovia, Zamora, Salamanca, Burgos, \u00c1vila, Le\u00f3n y Soria","robots":{"index":"index","follow":"follow","max-snippet":"max-snippet:-1","max-image-preview":"max-image-preview:large","max-video-preview":"max-video-preview:-1"},"canonical":"https:\/\/vivacecamara.es\/index.php\/multimedia\/","og_locale":"es_ES","og_type":"article","og_title":"MULTIMEDIA - Vivace m\u00fasica de c\u00e1mara | Grupo de m\u00fasica para bodas en Valladolid, Palencia, Segovia, Zamora, Salamanca, Burgos, \u00c1vila, Le\u00f3n y Soria","og_description":"V\u00eddeo Audio","og_url":"https:\/\/vivacecamara.es\/index.php\/multimedia\/","og_site_name":"Vivace m\u00fasica de c\u00e1mara | Grupo de m\u00fasica para bodas en Valladolid, Palencia, Segovia, Zamora, Salamanca, Burgos, \u00c1vila, Le\u00f3n y Soria","article_modified_time":"2022-12-28T08:51:45+00:00","twitter_card":"summary_large_image","twitter_misc":{"Tiempo de lectura":"1 minuto"},"schema":{"@context":"https:\/\/schema.org","@graph":[{"@type":"WebPage","@id":"https:\/\/vivacecamara.es\/index.php\/multimedia\/","url":"https:\/\/vivacecamara.es\/index.php\/multimedia\/","name":"MULTIMEDIA - Vivace m\u00fasica de c\u00e1mara | Grupo de m\u00fasica para bodas en Valladolid, Palencia, Segovia, Zamora, Salamanca, Burgos, \u00c1vila, Le\u00f3n y Soria","isPartOf":{"@id":"https:\/\/vivacecamara.es\/#website"},"datePublished":"2022-12-26T10:01:25+00:00","dateModified":"2022-12-28T08:51:45+00:00","breadcrumb":{"@id":"https:\/\/vivacecamara.es\/index.php\/multimedia\/#breadcrumb"},"inLanguage":"es","potentialAction":[{"@type":"ReadAction","target":["https:\/\/vivacecamara.es\/index.php\/multimedia\/"]}]},{"@type":"BreadcrumbList","@id":"https:\/\/vivacecamara.es\/index.php\/multimedia\/#breadcrumb","itemListElement":[{"@type":"ListItem","position":1,"name":"Portada","item":"https:\/\/vivacecamara.es\/"},{"@type":"ListItem","position":2,"name":"MULTIMEDIA"}]},{"@type":"WebSite","@id":"https:\/\/vivacecamara.es\/#website","url":"https:\/\/vivacecamara.es\/","name":"Vivace m\u00fasica de c\u00e1mara | Grupo de m\u00fasica para bodas en Valladolid, Palencia, Segovia, Zamora, Salamanca, Burgos, \u00c1vila, Le\u00f3n y Soria","description":"","publisher":{"@id":"https:\/\/vivacecamara.es\/#organization"},"potentialAction":[{"@type":"SearchAction","target":{"@type":"EntryPoint","urlTemplate":"https:\/\/vivacecamara.es\/?s={search_term_string}"},"query-input":{"@type":"PropertyValueSpecification","valueRequired":true,"valueName":"search_term_string"}}],"inLanguage":"es"},{"@type":"Organization","@id":"https:\/\/vivacecamara.es\/#organization","name":"Vivace m\u00fasica de c\u00e1mara | Grupo de m\u00fasica para bodas en Valladolid, Palencia, Segovia, Zamora, Salamanca, Burgos, \u00c1vila, Le\u00f3n y Soria","url":"https:\/\/vivacecamara.es\/","logo":{"@type":"ImageObject","inLanguage":"es","@id":"https:\/\/vivacecamara.es\/#\/schema\/logo\/image\/","url":"https:\/\/vivacecamara.es\/wp-content\/uploads\/2022\/12\/Captura-de-pantalla-2022-12-26-a-las-10.37.04.png","contentUrl":"https:\/\/vivacecamara.es\/wp-content\/uploads\/2022\/12\/Captura-de-pantalla-2022-12-26-a-las-10.37.04.png","width":2112,"height":1278,"caption":"Vivace m\u00fasica de c\u00e1mara | Grupo de m\u00fasica para bodas en Valladolid, Palencia, Segovia, Zamora, Salamanca, Burgos, \u00c1vila, Le\u00f3n y Soria"},"image":{"@id":"https:\/\/vivacecamara.es\/#\/schema\/logo\/image\/"}}]}},"_links":{"self":[{"href":"https:\/\/vivacecamara.es\/index.php\/wp-json\/wp\/v2\/pages\/58","targetHints":{"allow":["GET"]}}],"collection":[{"href":"https:\/\/vivacecamara.es\/index.php\/wp-json\/wp\/v2\/pages"}],"about":[{"href":"https:\/\/vivacecamara.es\/index.php\/wp-json\/wp\/v2\/types\/page"}],"author":[{"embeddable":true,"href":"https:\/\/vivacecamara.es\/index.php\/wp-json\/wp\/v2\/users\/1"}],"replies":[{"embeddable":true,"href":"https:\/\/vivacecamara.es\/index.php\/wp-json\/wp\/v2\/comments?post=58"}],"version-history":[{"count":22,"href":"https:\/\/vivacecamara.es\/index.php\/wp-json\/wp\/v2\/pages\/58\/revisions"}],"predecessor-version":[{"id":433,"href":"https:\/\/vivacecamara.es\/index.php\/wp-json\/wp\/v2\/pages\/58\/revisions\/433"}],"wp:attachment":[{"href":"https:\/\/vivacecamara.es\/index.php\/wp-json\/wp\/v2\/media?parent=58"}],"curies":[{"name":"wp","href":"https:\/\/api.w.org\/{rel}","templated":true}]}}